{"id":390,"date":"2021-04-12T13:54:28","date_gmt":"2021-04-12T13:54:28","guid":{"rendered":"https:\/\/blueskycharteribiza.com\/?post_type=product&#038;p=390"},"modified":"2021-05-07T13:03:38","modified_gmt":"2021-05-07T13:03:38","slug":"manomarine-27-50","status":"publish","type":"product","link":"https:\/\/blueskycharteribiza.com\/en\/barco\/manomarine-27-50\/","title":{"rendered":"MANO MARINE 27.50"},"content":{"rendered":"","protected":false},"excerpt":{"rendered":"<p>Magnifica embarcaci\u00f3n de 9 metros de eslora con capacidad para 9 personas + patr\u00f3n. Navega con dos potentes motores de 180 CV.<\/p>\n<p>En el interior dispone de un ba\u00f1o y doble camarote. En el exterior un gran solarium en proa y en popa dos solarium convertibles en mesa, escalera de ba\u00f1o, ducha de agua dulce, nevera de hielo y el\u00e9ctrica.<\/p>\n<p>Disfruta de las magnificas calas de Ibiza y Formentera sin preocupaciones!!<\/p>\n","protected":false},"featured_media":416,"comment_status":"open","ping_status":"closed","template":"","meta":{"_acf_changed":false},"product_brand":[],"product_cat":[16],"product_tag":[],"class_list":{"0":"post-390","1":"product","2":"type-product","3":"status-publish","4":"has-post-thumbnail","6":"product_cat-lanchas","8":"first","9":"instock","10":"sold-individually","11":"shipping-taxable","12":"purchasable","13":"product-type-booking"},"acf":[],"yoast_head":"<!-- This site is optimized with the Yoast SEO plugin v27.4 - https:\/\/yoast.com\/product\/yoast-seo-wordpress\/ -->\n<title>MANO MARINE 27.50 - BlueSky Charter Ibiza<\/title>\n<meta name=\"description\" content=\"Embarcaci\u00f3n de 9 metros de eslora con capacidad para 10 personas. Disfruta de las magnificas calas de Ibiza y Formetera sin preocupaciones.\" \/>\n<meta name=\"robots\" content=\"index, follow, max-snippet:-1, max-image-preview:large, max-video-preview:-1\" \/>\n<link rel=\"canonical\" href=\"https:\/\/blueskycharteribiza.com\/en\/barco\/manomarine-27-50\/\" \/>\n<meta property=\"og:locale\" content=\"en_US\" \/>\n<meta property=\"og:type\" content=\"article\" \/>\n<meta property=\"og:title\" content=\"MANO MARINE 27.50 - BlueSky Charter Ibiza\" \/>\n<meta property=\"og:description\" content=\"Embarcaci\u00f3n de 9 metros de eslora con capacidad para 10 personas. Disfruta de las magnificas calas de Ibiza y Formetera sin preocupaciones.\" \/>\n<meta property=\"og:url\" content=\"https:\/\/blueskycharteribiza.com\/en\/barco\/manomarine-27-50\/\" \/>\n<meta property=\"og:site_name\" content=\"BlueSky Charter Ibiza\" \/>\n<meta property=\"article:modified_time\" content=\"2021-05-07T13:03:38+00:00\" \/>\n<meta property=\"og:image\" content=\"https:\/\/blueskycharteribiza.com\/wp-content\/uploads\/2021\/04\/41b2d870-b421-4bab-9978-787cc47bc911.jpg\" \/>\n\t<meta property=\"og:image:width\" content=\"1024\" \/>\n\t<meta property=\"og:image:height\" content=\"682\" \/>\n\t<meta property=\"og:image:type\" content=\"image\/jpeg\" \/>\n<meta name=\"twitter:card\" content=\"summary_large_image\" \/>\n<script type=\"application\/ld+json\" class=\"yoast-schema-graph\">{\"@context\":\"https:\\\/\\\/schema.org\",\"@graph\":[{\"@type\":\"WebPage\",\"@id\":\"https:\\\/\\\/blueskycharteribiza.com\\\/en\\\/barco\\\/manomarine-27-50\\\/\",\"url\":\"https:\\\/\\\/blueskycharteribiza.com\\\/en\\\/barco\\\/manomarine-27-50\\\/\",\"name\":\"MANO MARINE 27.50 - BlueSky Charter Ibiza\",\"isPartOf\":{\"@id\":\"https:\\\/\\\/blueskycharteribiza.com\\\/en\\\/#website\"},\"primaryImageOfPage\":{\"@id\":\"https:\\\/\\\/blueskycharteribiza.com\\\/en\\\/barco\\\/manomarine-27-50\\\/#primaryimage\"},\"image\":{\"@id\":\"https:\\\/\\\/blueskycharteribiza.com\\\/en\\\/barco\\\/manomarine-27-50\\\/#primaryimage\"},\"thumbnailUrl\":\"https:\\\/\\\/blueskycharteribiza.com\\\/wp-content\\\/uploads\\\/2021\\\/04\\\/41b2d870-b421-4bab-9978-787cc47bc911.jpg\",\"datePublished\":\"2021-04-12T13:54:28+00:00\",\"dateModified\":\"2021-05-07T13:03:38+00:00\",\"description\":\"Embarcaci\u00f3n de 9 metros de eslora con capacidad para 10 personas. Disfruta de las magnificas calas de Ibiza y Formetera sin preocupaciones.\",\"breadcrumb\":{\"@id\":\"https:\\\/\\\/blueskycharteribiza.com\\\/en\\\/barco\\\/manomarine-27-50\\\/#breadcrumb\"},\"inLanguage\":\"en-US\",\"potentialAction\":[{\"@type\":\"ReadAction\",\"target\":[\"https:\\\/\\\/blueskycharteribiza.com\\\/en\\\/barco\\\/manomarine-27-50\\\/\"]}]},{\"@type\":\"ImageObject\",\"inLanguage\":\"en-US\",\"@id\":\"https:\\\/\\\/blueskycharteribiza.com\\\/en\\\/barco\\\/manomarine-27-50\\\/#primaryimage\",\"url\":\"https:\\\/\\\/blueskycharteribiza.com\\\/wp-content\\\/uploads\\\/2021\\\/04\\\/41b2d870-b421-4bab-9978-787cc47bc911.jpg\",\"contentUrl\":\"https:\\\/\\\/blueskycharteribiza.com\\\/wp-content\\\/uploads\\\/2021\\\/04\\\/41b2d870-b421-4bab-9978-787cc47bc911.jpg\",\"width\":1024,\"height\":682},{\"@type\":\"BreadcrumbList\",\"@id\":\"https:\\\/\\\/blueskycharteribiza.com\\\/en\\\/barco\\\/manomarine-27-50\\\/#breadcrumb\",\"itemListElement\":[{\"@type\":\"ListItem\",\"position\":1,\"name\":\"Portada\",\"item\":\"https:\\\/\\\/blueskycharteribiza.com\\\/en\\\/\"},{\"@type\":\"ListItem\",\"position\":2,\"name\":\"Tienda\",\"item\":\"https:\\\/\\\/blueskycharteribiza.com\\\/tienda\\\/\"},{\"@type\":\"ListItem\",\"position\":3,\"name\":\"MANO MARINE 27.50\"}]},{\"@type\":\"WebSite\",\"@id\":\"https:\\\/\\\/blueskycharteribiza.com\\\/en\\\/#website\",\"url\":\"https:\\\/\\\/blueskycharteribiza.com\\\/en\\\/\",\"name\":\"BlueSky Charter Ibiza\",\"description\":\"Tu empresa N\u00e1utica en Ibiza\",\"potentialAction\":[{\"@type\":\"SearchAction\",\"target\":{\"@type\":\"EntryPoint\",\"urlTemplate\":\"https:\\\/\\\/blueskycharteribiza.com\\\/en\\\/?s={search_term_string}\"},\"query-input\":{\"@type\":\"PropertyValueSpecification\",\"valueRequired\":true,\"valueName\":\"search_term_string\"}}],\"inLanguage\":\"en-US\"}]}<\/script>\n<!-- \/ Yoast SEO plugin. -->","yoast_head_json":{"title":"MANO MARINE 27.50 - BlueSky Charter Ibiza","description":"Embarcaci\u00f3n de 9 metros de eslora con capacidad para 10 personas. Disfruta de las magnificas calas de Ibiza y Formetera sin preocupaciones.","robots":{"index":"index","follow":"follow","max-snippet":"max-snippet:-1","max-image-preview":"max-image-preview:large","max-video-preview":"max-video-preview:-1"},"canonical":"https:\/\/blueskycharteribiza.com\/en\/barco\/manomarine-27-50\/","og_locale":"en_US","og_type":"article","og_title":"MANO MARINE 27.50 - BlueSky Charter Ibiza","og_description":"Embarcaci\u00f3n de 9 metros de eslora con capacidad para 10 personas. Disfruta de las magnificas calas de Ibiza y Formetera sin preocupaciones.","og_url":"https:\/\/blueskycharteribiza.com\/en\/barco\/manomarine-27-50\/","og_site_name":"BlueSky Charter Ibiza","article_modified_time":"2021-05-07T13:03:38+00:00","og_image":[{"width":1024,"height":682,"url":"https:\/\/blueskycharteribiza.com\/wp-content\/uploads\/2021\/04\/41b2d870-b421-4bab-9978-787cc47bc911.jpg","type":"image\/jpeg"}],"twitter_card":"summary_large_image","schema":{"@context":"https:\/\/schema.org","@graph":[{"@type":"WebPage","@id":"https:\/\/blueskycharteribiza.com\/en\/barco\/manomarine-27-50\/","url":"https:\/\/blueskycharteribiza.com\/en\/barco\/manomarine-27-50\/","name":"MANO MARINE 27.50 - BlueSky Charter Ibiza","isPartOf":{"@id":"https:\/\/blueskycharteribiza.com\/en\/#website"},"primaryImageOfPage":{"@id":"https:\/\/blueskycharteribiza.com\/en\/barco\/manomarine-27-50\/#primaryimage"},"image":{"@id":"https:\/\/blueskycharteribiza.com\/en\/barco\/manomarine-27-50\/#primaryimage"},"thumbnailUrl":"https:\/\/blueskycharteribiza.com\/wp-content\/uploads\/2021\/04\/41b2d870-b421-4bab-9978-787cc47bc911.jpg","datePublished":"2021-04-12T13:54:28+00:00","dateModified":"2021-05-07T13:03:38+00:00","description":"Embarcaci\u00f3n de 9 metros de eslora con capacidad para 10 personas. Disfruta de las magnificas calas de Ibiza y Formetera sin preocupaciones.","breadcrumb":{"@id":"https:\/\/blueskycharteribiza.com\/en\/barco\/manomarine-27-50\/#breadcrumb"},"inLanguage":"en-US","potentialAction":[{"@type":"ReadAction","target":["https:\/\/blueskycharteribiza.com\/en\/barco\/manomarine-27-50\/"]}]},{"@type":"ImageObject","inLanguage":"en-US","@id":"https:\/\/blueskycharteribiza.com\/en\/barco\/manomarine-27-50\/#primaryimage","url":"https:\/\/blueskycharteribiza.com\/wp-content\/uploads\/2021\/04\/41b2d870-b421-4bab-9978-787cc47bc911.jpg","contentUrl":"https:\/\/blueskycharteribiza.com\/wp-content\/uploads\/2021\/04\/41b2d870-b421-4bab-9978-787cc47bc911.jpg","width":1024,"height":682},{"@type":"BreadcrumbList","@id":"https:\/\/blueskycharteribiza.com\/en\/barco\/manomarine-27-50\/#breadcrumb","itemListElement":[{"@type":"ListItem","position":1,"name":"Portada","item":"https:\/\/blueskycharteribiza.com\/en\/"},{"@type":"ListItem","position":2,"name":"Tienda","item":"https:\/\/blueskycharteribiza.com\/tienda\/"},{"@type":"ListItem","position":3,"name":"MANO MARINE 27.50"}]},{"@type":"WebSite","@id":"https:\/\/blueskycharteribiza.com\/en\/#website","url":"https:\/\/blueskycharteribiza.com\/en\/","name":"BlueSky Charter Ibiza","description":"Tu empresa N\u00e1utica en Ibiza","potentialAction":[{"@type":"SearchAction","target":{"@type":"EntryPoint","urlTemplate":"https:\/\/blueskycharteribiza.com\/en\/?s={search_term_string}"},"query-input":{"@type":"PropertyValueSpecification","valueRequired":true,"valueName":"search_term_string"}}],"inLanguage":"en-US"}]}},"_links":{"self":[{"href":"https:\/\/blueskycharteribiza.com\/en\/wp-json\/wp\/v2\/product\/390","targetHints":{"allow":["GET"]}}],"collection":[{"href":"https:\/\/blueskycharteribiza.com\/en\/wp-json\/wp\/v2\/product"}],"about":[{"href":"https:\/\/blueskycharteribiza.com\/en\/wp-json\/wp\/v2\/types\/product"}],"replies":[{"embeddable":true,"href":"https:\/\/blueskycharteribiza.com\/en\/wp-json\/wp\/v2\/comments?post=390"}],"wp:featuredmedia":[{"embeddable":true,"href":"https:\/\/blueskycharteribiza.com\/en\/wp-json\/wp\/v2\/media\/416"}],"wp:attachment":[{"href":"https:\/\/blueskycharteribiza.com\/en\/wp-json\/wp\/v2\/media?parent=390"}],"wp:term":[{"taxonomy":"product_brand","embeddable":true,"href":"https:\/\/blueskycharteribiza.com\/en\/wp-json\/wp\/v2\/product_brand?post=390"},{"taxonomy":"product_cat","embeddable":true,"href":"https:\/\/blueskycharteribiza.com\/en\/wp-json\/wp\/v2\/product_cat?post=390"},{"taxonomy":"product_tag","embeddable":true,"href":"https:\/\/blueskycharteribiza.com\/en\/wp-json\/wp\/v2\/product_tag?post=390"}],"curies":[{"name":"wp","href":"https:\/\/api.w.org\/{rel}","templated":true}]}}